{"id":20,"date":"2025-06-04T11:37:26","date_gmt":"2025-06-04T11:37:26","guid":{"rendered":"https:\/\/yiochi.es\/?page_id=20"},"modified":"2025-11-23T19:07:03","modified_gmt":"2025-11-23T19:07:03","slug":"grabado","status":"publish","type":"page","link":"https:\/\/yiochi.es\/index.php\/grabado\/","title":{"rendered":"Grabado y estampa"},"content":{"rendered":"\n<h3 class=\"wp-block-heading\">Grabados originales en edici\u00f3n limitada<\/h3>\n\n\n\n<p>Cada obra aqu\u00ed presentada ha sido realizada mediante t\u00e9cnicas tradicionales de grabado \u2014aguafuerte, aguatinta o punta seca\u2014 sobre planchas met\u00e1licas trabajadas a mano.<\/p>\n\n\n\n<p>La impresi\u00f3n se realiza manualmente, hoja por hoja, en una prensa calcogr\u00e1fica, utilizando papeles de alta calidad y tintas de conservaci\u00f3n.<\/p>\n\n\n\n<p>Todas las estampas se entregan:<\/p>\n\n\n\n<ul class=\"wp-block-list\">\n<li>Numeradas y <strong>firmadas a mano por la artista<\/strong><\/li>\n\n\n\n<li>En ediciones muy limitadas (entre 5 y 15 copias por obra)<\/li>\n\n\n\n<li>Con <strong>certificado de autenticidad<\/strong><\/li>\n<\/ul>\n\n\n\n<p>No hay dos estampas iguales: peque\u00f1as variaciones en el entintado, la presi\u00f3n o la limpieza de la plancha dan a cada ejemplar su propio car\u00e1cter, reforzando el valor \u00fanico de la obra gr\u00e1fica original.<\/p>\n\n\n\n<p>\u27a4 Todas las obras se env\u00edan sin enmarcar, protegidas para su conservaci\u00f3n y listas para ser montadas.<\/p>\n\n\n\n<p><em>Gracias por apoyar el trabajo artesanal, hecho con amor y dedicaci\u00f3n.<\/em><\/p>\n\n\n\n<div class=\"wp-block-columns is-layout-flex wp-container-core-columns-is-layout-9d6595d7 wp-block-columns-is-layout-flex\">\n<div class=\"wp-block-column is-vertically-aligned-bottom is-layout-flow wp-block-column-is-layout-flow\">\n<figure class=\"wp-block-gallery has-nested-images columns-default is-cropped wp-block-gallery-1 is-layout-flex wp-block-gallery-is-layout-flex\">\n<figure class=\"wp-block-image size-full\"><a href=\"https:\/\/yiochi.es\/?page_id=109\"><img loading=\"lazy\" decoding=\"async\" width=\"957\" height=\"984\" data-id=\"101\" src=\"https:\/\/yiochi.es\/wp-content\/uploads\/2025\/06\/abrazo-edit-1.jpg\" alt=\"\" class=\"wp-image-101\" srcset=\"https:\/\/yiochi.es\/wp-content\/uploads\/2025\/06\/abrazo-edit-1.jpg 957w, https:\/\/yiochi.es\/wp-content\/uploads\/2025\/06\/abrazo-edit-1-292x300.jpg 292w, https:\/\/yiochi.es\/wp-content\/uploads\/2025\/06\/abrazo-edit-1-768x790.jpg 768w\" sizes=\"auto, (max-width: 957px) 100vw, 957px\" \/><\/a><\/figure>\n<\/figure>\n<\/div>\n\n\n\n<div class=\"wp-block-column is-layout-flow wp-block-column-is-layout-flow\">\n<figure class=\"wp-block-image size-full\"><a href=\"https:\/\/yiochi.es\/?page_id=135\"><img loading=\"lazy\" decoding=\"async\" width=\"970\" height=\"978\" src=\"https:\/\/yiochi.es\/wp-content\/uploads\/2025\/06\/ovejas-edit.jpg\" alt=\"\" class=\"wp-image-96\" srcset=\"https:\/\/yiochi.es\/wp-content\/uploads\/2025\/06\/ovejas-edit.jpg 970w, https:\/\/yiochi.es\/wp-content\/uploads\/2025\/06\/ovejas-edit-298x300.jpg 298w, https:\/\/yiochi.es\/wp-content\/uploads\/2025\/06\/ovejas-edit-150x150.jpg 150w, https:\/\/yiochi.es\/wp-content\/uploads\/2025\/06\/ovejas-edit-768x774.jpg 768w\" sizes=\"auto, (max-width: 970px) 100vw, 970px\" \/><\/a><\/figure>\n<\/div>\n\n\n\n<div class=\"wp-block-column is-layout-flow wp-block-column-is-layout-flow\">\n<figure class=\"wp-block-image size-full\"><a href=\"https:\/\/yiochi.es\/?page_id=145\"><img loading=\"lazy\" decoding=\"async\" width=\"927\" height=\"948\" src=\"https:\/\/yiochi.es\/wp-content\/uploads\/2025\/06\/esqueleto-edit.jpg\" alt=\"\" class=\"wp-image-102\" srcset=\"https:\/\/yiochi.es\/wp-content\/uploads\/2025\/06\/esqueleto-edit.jpg 927w, https:\/\/yiochi.es\/wp-content\/uploads\/2025\/06\/esqueleto-edit-293x300.jpg 293w, https:\/\/yiochi.es\/wp-content\/uploads\/2025\/06\/esqueleto-edit-768x785.jpg 768w\" sizes=\"auto, (max-width: 927px) 100vw, 927px\" \/><\/a><\/figure>\n<\/div>\n<\/div>\n\n\n\n<div class=\"wp-block-columns is-layout-flex wp-container-core-columns-is-layout-9d6595d7 wp-block-columns-is-layout-flex\">\n<div class=\"wp-block-column is-layout-flow wp-block-column-is-layout-flow\">\n<figure class=\"wp-block-image size-large\"><a href=\"https:\/\/yiochi.es\/?page_id=156\"><img loading=\"lazy\" decoding=\"async\" width=\"973\" height=\"1024\" src=\"https:\/\/yiochi.es\/wp-content\/uploads\/2025\/06\/mar-edit-1-973x1024.jpg\" alt=\"\" class=\"wp-image-110\" srcset=\"https:\/\/yiochi.es\/wp-content\/uploads\/2025\/06\/mar-edit-1-973x1024.jpg 973w, https:\/\/yiochi.es\/wp-content\/uploads\/2025\/06\/mar-edit-1-285x300.jpg 285w, https:\/\/yiochi.es\/wp-content\/uploads\/2025\/06\/mar-edit-1-768x808.jpg 768w, https:\/\/yiochi.es\/wp-content\/uploads\/2025\/06\/mar-edit-1.jpg 1070w\" sizes=\"auto, (max-width: 973px) 100vw, 973px\" \/><\/a><\/figure>\n<\/div>\n\n\n\n<div class=\"wp-block-column is-layout-flow wp-block-column-is-layout-flow\">\n<figure class=\"wp-block-image size-large\"><a href=\"https:\/\/yiochi.es\/?page_id=169\"><img loading=\"lazy\" decoding=\"async\" width=\"949\" height=\"1024\" src=\"https:\/\/yiochi.es\/wp-content\/uploads\/2025\/06\/dos-edit-1-949x1024.jpg\" alt=\"\" class=\"wp-image-111\" srcset=\"https:\/\/yiochi.es\/wp-content\/uploads\/2025\/06\/dos-edit-1-949x1024.jpg 949w, https:\/\/yiochi.es\/wp-content\/uploads\/2025\/06\/dos-edit-1-278x300.jpg 278w, https:\/\/yiochi.es\/wp-content\/uploads\/2025\/06\/dos-edit-1-768x829.jpg 768w, https:\/\/yiochi.es\/wp-content\/uploads\/2025\/06\/dos-edit-1.jpg 1050w\" sizes=\"auto, (max-width: 949px) 100vw, 949px\" \/><\/a><\/figure>\n<\/div>\n<\/div>\n\n\n\n<h3 class=\"wp-block-heading\">Estampas originales en edici\u00f3n limitada<\/h3>\n\n\n\n<p>Cada obra aqu\u00ed presentada ha sido realizada mediante t\u00e9cnicas permeogr\u00e1ficas sobre una matriz trabajada a mano.<\/p>\n\n\n\n<p>Todas las estampas se entregan:<\/p>\n\n\n\n<ul class=\"wp-block-list\">\n<li>Numeradas y <strong>firmadas a mano por la artista<\/strong><\/li>\n\n\n\n<li>En ediciones muy limitadas (entre 5 y 15 copias por obra)<\/li>\n\n\n\n<li>Con <strong>certificado de autenticidad<\/strong><\/li>\n<\/ul>\n\n\n\n<p>\u27a4 Todas las obras se env\u00edan sin enmarcar, protegidas para su conservaci\u00f3n y listas para ser montadas.<\/p>\n\n\n\n<p><em>Gracias por apoyar el trabajo artesanal, hecho con amor y dedicaci\u00f3n.<\/em><\/p>\n\n\n\n<p><\/p>\n","protected":false},"excerpt":{"rendered":"<p>Grabados originales en edici\u00f3n limitada Cada obra aqu\u00ed presentada ha sido realizada mediante t\u00e9cnicas tradicionales de grabado \u2014aguafuerte, aguatinta o punta seca\u2014 sobre planchas met\u00e1licas trabajadas a mano. La impresi\u00f3n &hellip; <\/p>\n","protected":false},"author":1,"featured_media":0,"parent":0,"menu_order":0,"comment_status":"closed","ping_status":"closed","template":"","meta":{"footnotes":""},"class_list":["post-20","page","type-page","status-publish","hentry"],"_links":{"self":[{"href":"https:\/\/yiochi.es\/index.php\/wp-json\/wp\/v2\/pages\/20","targetHints":{"allow":["GET"]}}],"collection":[{"href":"https:\/\/yiochi.es\/index.php\/wp-json\/wp\/v2\/pages"}],"about":[{"href":"https:\/\/yiochi.es\/index.php\/wp-json\/wp\/v2\/types\/page"}],"author":[{"embeddable":true,"href":"https:\/\/yiochi.es\/index.php\/wp-json\/wp\/v2\/users\/1"}],"replies":[{"embeddable":true,"href":"https:\/\/yiochi.es\/index.php\/wp-json\/wp\/v2\/comments?post=20"}],"version-history":[{"count":17,"href":"https:\/\/yiochi.es\/index.php\/wp-json\/wp\/v2\/pages\/20\/revisions"}],"predecessor-version":[{"id":268,"href":"https:\/\/yiochi.es\/index.php\/wp-json\/wp\/v2\/pages\/20\/revisions\/268"}],"wp:attachment":[{"href":"https:\/\/yiochi.es\/index.php\/wp-json\/wp\/v2\/media?parent=20"}],"curies":[{"name":"wp","href":"https:\/\/api.w.org\/{rel}","templated":true}]}}