{"id":208,"date":"2025-06-22T13:27:29","date_gmt":"2025-06-22T13:27:29","guid":{"rendered":"https:\/\/yiochi.es\/?page_id=208"},"modified":"2025-11-25T08:48:12","modified_gmt":"2025-11-25T08:48:12","slug":"acerca-de","status":"publish","type":"page","link":"https:\/\/yiochi.es\/index.php\/acerca-de\/","title":{"rendered":"Acerca de"},"content":{"rendered":"\n<figure class=\"wp-block-image size-large is-resized is-style-rounded\"><img loading=\"lazy\" decoding=\"async\" width=\"1024\" height=\"942\" src=\"https:\/\/yiochi.es\/wp-content\/uploads\/2025\/11\/Imagen-de-WhatsApp-2025-11-24-a-las-18.44.47_b9304e7b-1-1024x942.jpg\" alt=\"\" class=\"wp-image-304\" style=\"aspect-ratio:1;object-fit:cover;width:324px;height:auto\" srcset=\"https:\/\/yiochi.es\/wp-content\/uploads\/2025\/11\/Imagen-de-WhatsApp-2025-11-24-a-las-18.44.47_b9304e7b-1-1024x942.jpg 1024w, https:\/\/yiochi.es\/wp-content\/uploads\/2025\/11\/Imagen-de-WhatsApp-2025-11-24-a-las-18.44.47_b9304e7b-1-300x276.jpg 300w, https:\/\/yiochi.es\/wp-content\/uploads\/2025\/11\/Imagen-de-WhatsApp-2025-11-24-a-las-18.44.47_b9304e7b-1-768x707.jpg 768w, https:\/\/yiochi.es\/wp-content\/uploads\/2025\/11\/Imagen-de-WhatsApp-2025-11-24-a-las-18.44.47_b9304e7b-1-1536x1413.jpg 1536w, https:\/\/yiochi.es\/wp-content\/uploads\/2025\/11\/Imagen-de-WhatsApp-2025-11-24-a-las-18.44.47_b9304e7b-1.jpg 1600w\" sizes=\"auto, (max-width: 1024px) 100vw, 1024px\" \/><\/figure>\n\n\n\n<p><\/p>\n\n\n\n<p><strong>Educaci\u00f3n<\/strong><\/p>\n\n\n\n<p>Actualmente realizando el \u00faltimo curso de Bellas Artes en Madrid<\/p>\n\n\n\n<p class=\"has-text-align-center\">_<\/p>\n\n\n\n<p>Mi pr\u00e1ctica art\u00edstica se desarrolla a trav\u00e9s de diversas t\u00e9cnicas -escultura, pintura y grabado-, aunque es en la pintura donde encuentro mi principal espacio de exploraci\u00f3n. En la cual desarrollo un enfoque introspectivo que indaga en el subconsciente a trav\u00e9s de im\u00e1genes vinculadas al mundo on\u00edrico. Para ello he ido realizando un trasfondo de estudio con el objetivo de poder sintetizar la esencia y captar de manera fidedigna -a trav\u00e9s de la pintura y grabado- las experiencias y sensaciones que he ido teniendo y que me resultan de mayor relevancia.<\/p>\n\n\n\n<p>Paralelamente, realizo retratos y paisajes, tanto personales como por encargo. Estos proyectos me permiten ampliar un registro t\u00e9cnico y ofrecer piezas que se ajusten a las necesidades est\u00e9ticas y conceptuales de de cada uno. Todas las obras son originales y constan de un certificado de autenticidad.<\/p>\n\n\n\n<p><\/p>\n","protected":false},"excerpt":{"rendered":"<p>Educaci\u00f3n Actualmente realizando el \u00faltimo curso de Bellas Artes en Madrid _ Mi pr\u00e1ctica art\u00edstica se desarrolla a trav\u00e9s de diversas t\u00e9cnicas -escultura, pintura y grabado-, aunque es en la &hellip; <\/p>\n","protected":false},"author":1,"featured_media":0,"parent":0,"menu_order":0,"comment_status":"closed","ping_status":"closed","template":"","meta":{"footnotes":""},"class_list":["post-208","page","type-page","status-publish","hentry"],"_links":{"self":[{"href":"https:\/\/yiochi.es\/index.php\/wp-json\/wp\/v2\/pages\/208","targetHints":{"allow":["GET"]}}],"collection":[{"href":"https:\/\/yiochi.es\/index.php\/wp-json\/wp\/v2\/pages"}],"about":[{"href":"https:\/\/yiochi.es\/index.php\/wp-json\/wp\/v2\/types\/page"}],"author":[{"embeddable":true,"href":"https:\/\/yiochi.es\/index.php\/wp-json\/wp\/v2\/users\/1"}],"replies":[{"embeddable":true,"href":"https:\/\/yiochi.es\/index.php\/wp-json\/wp\/v2\/comments?post=208"}],"version-history":[{"count":10,"href":"https:\/\/yiochi.es\/index.php\/wp-json\/wp\/v2\/pages\/208\/revisions"}],"predecessor-version":[{"id":319,"href":"https:\/\/yiochi.es\/index.php\/wp-json\/wp\/v2\/pages\/208\/revisions\/319"}],"wp:attachment":[{"href":"https:\/\/yiochi.es\/index.php\/wp-json\/wp\/v2\/media?parent=208"}],"curies":[{"name":"wp","href":"https:\/\/api.w.org\/{rel}","templated":true}]}}